{"id":723,"date":"2025-01-17T12:37:18","date_gmt":"2025-01-17T12:37:18","guid":{"rendered":"https:\/\/kivukinshasagreencorridor.org\/?page_id=723"},"modified":"2026-04-21T11:47:30","modified_gmt":"2026-04-21T11:47:30","slug":"kivu-kinshasa-green-corridor-reserve","status":"publish","type":"page","link":"https:\/\/kivukinshasagreencorridor.org\/fr\/","title":{"rendered":"Kivu-Kinshasa Green Corridor Reserve"},"content":{"rendered":"","protected":false},"excerpt":{"rendered":"","protected":false},"author":6,"featured_media":736,"parent":0,"menu_order":0,"comment_status":"closed","ping_status":"closed","template":"","meta":{"_acf_changed":true,"inline_featured_image":false,"footnotes":""},"class_list":["post-723","page","type-page","status-publish","has-post-thumbnail","hentry"],"acf":[],"yoast_head":"<!-- This site is optimized with the Yoast SEO plugin v27.4 - https:\/\/yoast.com\/product\/yoast-seo-wordpress\/ -->\n<title>Le Couloir Vert Kivu-Kinshasa<\/title>\n<meta name=\"description\" content=\"Inspir\u00e9 par le succ\u00e8s du Parc National des Virunga, le couloir vert vise \u00e0 cr\u00e9er la plus grande zone de for\u00eat tropicale prot\u00e9g\u00e9e au monde.\" \/>\n<meta name=\"robots\" content=\"index, follow, max-snippet:-1, max-image-preview:large, max-video-preview:-1\" \/>\n<link rel=\"canonical\" href=\"https:\/\/kivukinshasagreencorridor.org\/fr\/\" \/>\n<meta property=\"og:locale\" content=\"fr_FR\" \/>\n<meta property=\"og:type\" content=\"article\" \/>\n<meta property=\"og:title\" content=\"Le Couloir Vert Kivu-Kinshasa\" \/>\n<meta property=\"og:description\" content=\"Inspir\u00e9 par le succ\u00e8s du Parc National des Virunga, le couloir vert vise \u00e0 cr\u00e9er la plus grande zone de for\u00eat tropicale prot\u00e9g\u00e9e au monde.\" \/>\n<meta property=\"og:url\" content=\"https:\/\/kivukinshasagreencorridor.org\/fr\/\" \/>\n<meta property=\"og:site_name\" content=\"Kivu-Kinshasa Green Corridor\" \/>\n<meta property=\"article:modified_time\" content=\"2026-04-21T11:47:30+00:00\" \/>\n<meta property=\"og:image\" content=\"https:\/\/kivukinshasagreencorridor.org\/wp-content\/uploads\/2025\/01\/PAUL-GODARD-2-scaled-e1736952955746.jpg\" \/>\n\t<meta property=\"og:image:width\" content=\"2560\" \/>\n\t<meta property=\"og:image:height\" content=\"1242\" \/>\n\t<meta property=\"og:image:type\" content=\"image\/jpeg\" \/>\n<meta name=\"twitter:card\" content=\"summary_large_image\" \/>\n<meta name=\"twitter:label1\" content=\"Dur\u00e9e de lecture estim\u00e9e\" \/>\n\t<meta name=\"twitter:data1\" content=\"1 minute\" \/>\n<script type=\"application\/ld+json\" class=\"yoast-schema-graph\">{\"@context\":\"https:\\\/\\\/schema.org\",\"@graph\":[{\"@type\":\"WebPage\",\"@id\":\"https:\\\/\\\/kivukinshasagreencorridor.org\\\/fr\\\/\",\"url\":\"https:\\\/\\\/kivukinshasagreencorridor.org\\\/fr\\\/\",\"name\":\"Le Couloir Vert Kivu-Kinshasa\",\"isPartOf\":{\"@id\":\"https:\\\/\\\/kivukinshasagreencorridor.org\\\/#website\"},\"primaryImageOfPage\":{\"@id\":\"https:\\\/\\\/kivukinshasagreencorridor.org\\\/fr\\\/#primaryimage\"},\"image\":{\"@id\":\"https:\\\/\\\/kivukinshasagreencorridor.org\\\/fr\\\/#primaryimage\"},\"thumbnailUrl\":\"https:\\\/\\\/kivukinshasagreencorridor.org\\\/wp-content\\\/uploads\\\/2025\\\/01\\\/PAUL-GODARD-2-scaled-e1736952955746.jpg\",\"datePublished\":\"2025-01-17T12:37:18+00:00\",\"dateModified\":\"2026-04-21T11:47:30+00:00\",\"description\":\"Inspir\u00e9 par le succ\u00e8s du Parc National des Virunga, le couloir vert vise \u00e0 cr\u00e9er la plus grande zone de for\u00eat tropicale prot\u00e9g\u00e9e au monde.\",\"breadcrumb\":{\"@id\":\"https:\\\/\\\/kivukinshasagreencorridor.org\\\/fr\\\/#breadcrumb\"},\"inLanguage\":\"fr-FR\",\"potentialAction\":[{\"@type\":\"ReadAction\",\"target\":[\"https:\\\/\\\/kivukinshasagreencorridor.org\\\/fr\\\/\"]}]},{\"@type\":\"ImageObject\",\"inLanguage\":\"fr-FR\",\"@id\":\"https:\\\/\\\/kivukinshasagreencorridor.org\\\/fr\\\/#primaryimage\",\"url\":\"https:\\\/\\\/kivukinshasagreencorridor.org\\\/wp-content\\\/uploads\\\/2025\\\/01\\\/PAUL-GODARD-2-scaled-e1736952955746.jpg\",\"contentUrl\":\"https:\\\/\\\/kivukinshasagreencorridor.org\\\/wp-content\\\/uploads\\\/2025\\\/01\\\/PAUL-GODARD-2-scaled-e1736952955746.jpg\",\"width\":2560,\"height\":1242},{\"@type\":\"BreadcrumbList\",\"@id\":\"https:\\\/\\\/kivukinshasagreencorridor.org\\\/fr\\\/#breadcrumb\",\"itemListElement\":[{\"@type\":\"ListItem\",\"position\":1,\"name\":\"Home\",\"item\":\"https:\\\/\\\/kivukinshasagreencorridor.org\\\/fr\\\/\"},{\"@type\":\"ListItem\",\"position\":2,\"name\":\"Kivu-Kinshasa Green Corridor Reserve\"}]},{\"@type\":\"WebSite\",\"@id\":\"https:\\\/\\\/kivukinshasagreencorridor.org\\\/#website\",\"url\":\"https:\\\/\\\/kivukinshasagreencorridor.org\\\/\",\"name\":\"Kivu-Kinshasa Green Corridor\",\"description\":\"\",\"potentialAction\":[{\"@type\":\"SearchAction\",\"target\":{\"@type\":\"EntryPoint\",\"urlTemplate\":\"https:\\\/\\\/kivukinshasagreencorridor.org\\\/?s={search_term_string}\"},\"query-input\":{\"@type\":\"PropertyValueSpecification\",\"valueRequired\":true,\"valueName\":\"search_term_string\"}}],\"inLanguage\":\"fr-FR\"}]}<\/script>\n<!-- \/ Yoast SEO plugin. -->","yoast_head_json":{"title":"Le Couloir Vert Kivu-Kinshasa","description":"Inspir\u00e9 par le succ\u00e8s du Parc National des Virunga, le couloir vert vise \u00e0 cr\u00e9er la plus grande zone de for\u00eat tropicale prot\u00e9g\u00e9e au monde.","robots":{"index":"index","follow":"follow","max-snippet":"max-snippet:-1","max-image-preview":"max-image-preview:large","max-video-preview":"max-video-preview:-1"},"canonical":"https:\/\/kivukinshasagreencorridor.org\/fr\/","og_locale":"fr_FR","og_type":"article","og_title":"Le Couloir Vert Kivu-Kinshasa","og_description":"Inspir\u00e9 par le succ\u00e8s du Parc National des Virunga, le couloir vert vise \u00e0 cr\u00e9er la plus grande zone de for\u00eat tropicale prot\u00e9g\u00e9e au monde.","og_url":"https:\/\/kivukinshasagreencorridor.org\/fr\/","og_site_name":"Kivu-Kinshasa Green Corridor","article_modified_time":"2026-04-21T11:47:30+00:00","og_image":[{"width":2560,"height":1242,"url":"https:\/\/kivukinshasagreencorridor.org\/wp-content\/uploads\/2025\/01\/PAUL-GODARD-2-scaled-e1736952955746.jpg","type":"image\/jpeg"}],"twitter_card":"summary_large_image","twitter_misc":{"Dur\u00e9e de lecture estim\u00e9e":"1 minute"},"schema":{"@context":"https:\/\/schema.org","@graph":[{"@type":"WebPage","@id":"https:\/\/kivukinshasagreencorridor.org\/fr\/","url":"https:\/\/kivukinshasagreencorridor.org\/fr\/","name":"Le Couloir Vert Kivu-Kinshasa","isPartOf":{"@id":"https:\/\/kivukinshasagreencorridor.org\/#website"},"primaryImageOfPage":{"@id":"https:\/\/kivukinshasagreencorridor.org\/fr\/#primaryimage"},"image":{"@id":"https:\/\/kivukinshasagreencorridor.org\/fr\/#primaryimage"},"thumbnailUrl":"https:\/\/kivukinshasagreencorridor.org\/wp-content\/uploads\/2025\/01\/PAUL-GODARD-2-scaled-e1736952955746.jpg","datePublished":"2025-01-17T12:37:18+00:00","dateModified":"2026-04-21T11:47:30+00:00","description":"Inspir\u00e9 par le succ\u00e8s du Parc National des Virunga, le couloir vert vise \u00e0 cr\u00e9er la plus grande zone de for\u00eat tropicale prot\u00e9g\u00e9e au monde.","breadcrumb":{"@id":"https:\/\/kivukinshasagreencorridor.org\/fr\/#breadcrumb"},"inLanguage":"fr-FR","potentialAction":[{"@type":"ReadAction","target":["https:\/\/kivukinshasagreencorridor.org\/fr\/"]}]},{"@type":"ImageObject","inLanguage":"fr-FR","@id":"https:\/\/kivukinshasagreencorridor.org\/fr\/#primaryimage","url":"https:\/\/kivukinshasagreencorridor.org\/wp-content\/uploads\/2025\/01\/PAUL-GODARD-2-scaled-e1736952955746.jpg","contentUrl":"https:\/\/kivukinshasagreencorridor.org\/wp-content\/uploads\/2025\/01\/PAUL-GODARD-2-scaled-e1736952955746.jpg","width":2560,"height":1242},{"@type":"BreadcrumbList","@id":"https:\/\/kivukinshasagreencorridor.org\/fr\/#breadcrumb","itemListElement":[{"@type":"ListItem","position":1,"name":"Home","item":"https:\/\/kivukinshasagreencorridor.org\/fr\/"},{"@type":"ListItem","position":2,"name":"Kivu-Kinshasa Green Corridor Reserve"}]},{"@type":"WebSite","@id":"https:\/\/kivukinshasagreencorridor.org\/#website","url":"https:\/\/kivukinshasagreencorridor.org\/","name":"Kivu-Kinshasa Green Corridor","description":"","potentialAction":[{"@type":"SearchAction","target":{"@type":"EntryPoint","urlTemplate":"https:\/\/kivukinshasagreencorridor.org\/?s={search_term_string}"},"query-input":{"@type":"PropertyValueSpecification","valueRequired":true,"valueName":"search_term_string"}}],"inLanguage":"fr-FR"}]}},"_links":{"self":[{"href":"https:\/\/kivukinshasagreencorridor.org\/fr\/wp-json\/wp\/v2\/pages\/723","targetHints":{"allow":["GET"]}}],"collection":[{"href":"https:\/\/kivukinshasagreencorridor.org\/fr\/wp-json\/wp\/v2\/pages"}],"about":[{"href":"https:\/\/kivukinshasagreencorridor.org\/fr\/wp-json\/wp\/v2\/types\/page"}],"author":[{"embeddable":true,"href":"https:\/\/kivukinshasagreencorridor.org\/fr\/wp-json\/wp\/v2\/users\/6"}],"replies":[{"embeddable":true,"href":"https:\/\/kivukinshasagreencorridor.org\/fr\/wp-json\/wp\/v2\/comments?post=723"}],"version-history":[{"count":0,"href":"https:\/\/kivukinshasagreencorridor.org\/fr\/wp-json\/wp\/v2\/pages\/723\/revisions"}],"wp:featuredmedia":[{"embeddable":true,"href":"https:\/\/kivukinshasagreencorridor.org\/fr\/wp-json\/wp\/v2\/media\/736"}],"wp:attachment":[{"href":"https:\/\/kivukinshasagreencorridor.org\/fr\/wp-json\/wp\/v2\/media?parent=723"}],"curies":[{"name":"wp","href":"https:\/\/api.w.org\/{rel}","templated":true}]}}